{"id":207,"date":"2020-01-31T06:35:27","date_gmt":"2020-01-31T05:35:27","guid":{"rendered":"http:\/\/sebastienmonod.com\/?page_id=207"},"modified":"2020-01-31T09:27:01","modified_gmt":"2020-01-31T08:27:01","slug":"theatre","status":"publish","type":"page","link":"https:\/\/sebastienmonod.com\/index.php\/theatre\/","title":{"rendered":"Th\u00e9\u00e2tre"},"content":{"rendered":"\t\t<div data-elementor-type=\"wp-page\" data-elementor-id=\"207\" class=\"elementor elementor-207\">\n\t\t\t\t\t\t<section class=\"elementor-section elementor-top-section elementor-element elementor-element-8e798a2 elementor-section-boxed elementor-section-height-default elementor-section-height-default\" data-id=\"8e798a2\" data-element_type=\"section\">\n\t\t\t\t\t\t<div class=\"elementor-container elementor-column-gap-default\">\n\t\t\t\t\t<div class=\"elementor-column elementor-col-100 elementor-top-column elementor-element elementor-element-d6965ad\" data-id=\"d6965ad\" data-element_type=\"column\">\n\t\t\t<div class=\"elementor-widget-wrap elementor-element-populated\">\n\t\t\t\t\t\t<div class=\"elementor-element elementor-element-0819a2a elementor-widget-divider--view-line elementor-widget elementor-widget-divider\" data-id=\"0819a2a\" data-element_type=\"widget\" data-widget_type=\"divider.default\">\n\t\t\t\t<div class=\"elementor-widget-container\">\n\t\t\t\t\t<div class=\"elementor-divider\">\n\t\t\t<span class=\"elementor-divider-separator\">\n\t\t\t\t\t\t<\/span>\n\t\t<\/div>\n\t\t\t\t<\/div>\n\t\t\t\t<\/div>\n\t\t\t\t\t<\/div>\n\t\t<\/div>\n\t\t\t\t\t<\/div>\n\t\t<\/section>\n\t\t\t\t<section class=\"elementor-section elementor-top-section elementor-element elementor-element-f421425 elementor-section-boxed elementor-section-height-default elementor-section-height-default\" data-id=\"f421425\" data-element_type=\"section\">\n\t\t\t\t\t\t<div class=\"elementor-container elementor-column-gap-default\">\n\t\t\t\t\t<div class=\"elementor-column elementor-col-100 elementor-top-column elementor-element elementor-element-b104489\" data-id=\"b104489\" data-element_type=\"column\">\n\t\t\t<div class=\"elementor-widget-wrap elementor-element-populated\">\n\t\t\t\t\t\t<div class=\"elementor-element elementor-element-5cb03e3 elementor-widget elementor-widget-spacer\" data-id=\"5cb03e3\" data-element_type=\"widget\" data-widget_type=\"spacer.default\">\n\t\t\t\t<div class=\"elementor-widget-container\">\n\t\t\t\t\t<div class=\"elementor-spacer\">\n\t\t\t<div class=\"elementor-spacer-inner\"><\/div>\n\t\t<\/div>\n\t\t\t\t<\/div>\n\t\t\t\t<\/div>\n\t\t\t\t\t<\/div>\n\t\t<\/div>\n\t\t\t\t\t<\/div>\n\t\t<\/section>\n\t\t\t\t<section class=\"elementor-section elementor-top-section elementor-element elementor-element-b5e49eb elementor-section-boxed elementor-section-height-default elementor-section-height-default\" data-id=\"b5e49eb\" data-element_type=\"section\">\n\t\t\t\t\t\t<div class=\"elementor-container elementor-column-gap-default\">\n\t\t\t\t\t<div class=\"elementor-column elementor-col-100 elementor-top-column elementor-element elementor-element-d8168e6\" data-id=\"d8168e6\" data-element_type=\"column\">\n\t\t\t<div class=\"elementor-widget-wrap elementor-element-populated\">\n\t\t\t\t\t\t<div class=\"elementor-element elementor-element-7a46742 elementor-widget elementor-widget-text-editor\" data-id=\"7a46742\" data-element_type=\"widget\" data-widget_type=\"text-editor.default\">\n\t\t\t\t<div class=\"elementor-widget-container\">\n\t\t\t\t\t\t\t<h4><strong>ENVIEUX<\/strong><\/h4>\t\t\t\t\t\t<\/div>\n\t\t\t\t<\/div>\n\t\t\t\t\t<\/div>\n\t\t<\/div>\n\t\t\t\t\t<\/div>\n\t\t<\/section>\n\t\t\t\t<section class=\"elementor-section elementor-top-section elementor-element elementor-element-1217b36 elementor-section-boxed elementor-section-height-default elementor-section-height-default\" data-id=\"1217b36\" data-element_type=\"section\">\n\t\t\t\t\t\t<div class=\"elementor-container elementor-column-gap-default\">\n\t\t\t\t\t<div class=\"elementor-column elementor-col-100 elementor-top-column elementor-element elementor-element-883397c\" data-id=\"883397c\" data-element_type=\"column\">\n\t\t\t<div class=\"elementor-widget-wrap elementor-element-populated\">\n\t\t\t\t\t\t<div class=\"elementor-element elementor-element-7c37c3c elementor-widget elementor-widget-text-editor\" data-id=\"7c37c3c\" data-element_type=\"widget\" data-widget_type=\"text-editor.default\">\n\t\t\t\t<div class=\"elementor-widget-container\">\n\t\t\t\t\t\t\t<p>Il faut toujours se m\u00e9fier des apparences. \u00c0 premi\u00e8re vue, Gaby, \u00c9l\u00e9onore et Gontran sont des personnes \u00e2g\u00e9es honorables comme nous en connaissons tous. M\u00e9fez-vous\u00a0! Ces trois-l\u00e0, confortablement install\u00e9s dans leur maison de retraite, ne sont pas aussi gentils et inoffensifs qu\u2019ils en ont l\u2019air. Le d\u00e9mon de l\u2019envie les travaille, surtout lorsque arrive L\u00e9opold, un nouveau et riche pensionnaire. Telles des araign\u00e9es sans piti\u00e9, ils guettent et attrapent leurs victimes dans la toile qu\u2019ils ont tiss\u00e9e avec leur salive et leur m\u00e9chancet\u00e9\u2026<\/p><p>Pi\u00e8ce publi\u00e9e sur les sites Le Proscenium et La Th\u00e9\u00e2troth\u00e8que et mise en sc\u00e8ne par la compagnie Des Pourquoi Pas ! en mai 2008.<\/p>\t\t\t\t\t\t<\/div>\n\t\t\t\t<\/div>\n\t\t\t\t\t<\/div>\n\t\t<\/div>\n\t\t\t\t\t<\/div>\n\t\t<\/section>\n\t\t\t\t<section class=\"elementor-section elementor-top-section elementor-element elementor-element-80939ce elementor-section-boxed elementor-section-height-default elementor-section-height-default\" data-id=\"80939ce\" data-element_type=\"section\">\n\t\t\t\t\t\t<div class=\"elementor-container elementor-column-gap-default\">\n\t\t\t\t\t<div class=\"elementor-column elementor-col-100 elementor-top-column elementor-element elementor-element-2c669fa\" data-id=\"2c669fa\" data-element_type=\"column\">\n\t\t\t<div class=\"elementor-widget-wrap elementor-element-populated\">\n\t\t\t\t\t\t<div class=\"elementor-element elementor-element-ee72448 elementor-widget elementor-widget-image\" data-id=\"ee72448\" data-element_type=\"widget\" data-widget_type=\"image.default\">\n\t\t\t\t<div class=\"elementor-widget-container\">\n\t\t\t\t\t\t\t\t\t\t\t\t\t<img fetchpriority=\"high\" decoding=\"async\" width=\"724\" height=\"1024\" src=\"https:\/\/sebastienmonod.com\/wp-content\/uploads\/2020\/01\/Des-pourquoi-pas-Envieux-affiche-724x1024.jpg\" class=\"attachment-large size-large wp-image-106\" alt=\"\" srcset=\"https:\/\/sebastienmonod.com\/wp-content\/uploads\/2020\/01\/Des-pourquoi-pas-Envieux-affiche-724x1024.jpg 724w, https:\/\/sebastienmonod.com\/wp-content\/uploads\/2020\/01\/Des-pourquoi-pas-Envieux-affiche-212x300.jpg 212w, https:\/\/sebastienmonod.com\/wp-content\/uploads\/2020\/01\/Des-pourquoi-pas-Envieux-affiche-768x1086.jpg 768w, https:\/\/sebastienmonod.com\/wp-content\/uploads\/2020\/01\/Des-pourquoi-pas-Envieux-affiche-1140x1613.jpg 1140w, https:\/\/sebastienmonod.com\/wp-content\/uploads\/2020\/01\/Des-pourquoi-pas-Envieux-affiche-600x849.jpg 600w, https:\/\/sebastienmonod.com\/wp-content\/uploads\/2020\/01\/Des-pourquoi-pas-Envieux-affiche.jpg 1240w\" sizes=\"(max-width: 724px) 100vw, 724px\" \/>\t\t\t\t\t\t\t\t\t\t\t\t\t<\/div>\n\t\t\t\t<\/div>\n\t\t\t\t\t<\/div>\n\t\t<\/div>\n\t\t\t\t\t<\/div>\n\t\t<\/section>\n\t\t\t\t<section class=\"elementor-section elementor-top-section elementor-element elementor-element-8cee989 elementor-section-boxed elementor-section-height-default elementor-section-height-default\" data-id=\"8cee989\" data-element_type=\"section\">\n\t\t\t\t\t\t<div class=\"elementor-container elementor-column-gap-default\">\n\t\t\t\t\t<div class=\"elementor-column elementor-col-100 elementor-top-column elementor-element elementor-element-7d23903\" data-id=\"7d23903\" data-element_type=\"column\">\n\t\t\t<div class=\"elementor-widget-wrap elementor-element-populated\">\n\t\t\t\t\t\t<div class=\"elementor-element elementor-element-018b663 elementor-widget elementor-widget-spacer\" data-id=\"018b663\" data-element_type=\"widget\" data-widget_type=\"spacer.default\">\n\t\t\t\t<div class=\"elementor-widget-container\">\n\t\t\t\t\t<div class=\"elementor-spacer\">\n\t\t\t<div class=\"elementor-spacer-inner\"><\/div>\n\t\t<\/div>\n\t\t\t\t<\/div>\n\t\t\t\t<\/div>\n\t\t\t\t\t<\/div>\n\t\t<\/div>\n\t\t\t\t\t<\/div>\n\t\t<\/section>\n\t\t\t\t<section class=\"elementor-section elementor-top-section elementor-element elementor-element-51f2cb4 elementor-section-boxed elementor-section-height-default elementor-section-height-default\" data-id=\"51f2cb4\" data-element_type=\"section\">\n\t\t\t\t\t\t<div class=\"elementor-container elementor-column-gap-default\">\n\t\t\t\t\t<div class=\"elementor-column elementor-col-100 elementor-top-column elementor-element elementor-element-4aaad2c\" data-id=\"4aaad2c\" data-element_type=\"column\">\n\t\t\t<div class=\"elementor-widget-wrap elementor-element-populated\">\n\t\t\t\t\t\t<div class=\"elementor-element elementor-element-47a18a1 elementor-widget-divider--view-line elementor-widget elementor-widget-divider\" data-id=\"47a18a1\" data-element_type=\"widget\" data-widget_type=\"divider.default\">\n\t\t\t\t<div class=\"elementor-widget-container\">\n\t\t\t\t\t<div class=\"elementor-divider\">\n\t\t\t<span class=\"elementor-divider-separator\">\n\t\t\t\t\t\t<\/span>\n\t\t<\/div>\n\t\t\t\t<\/div>\n\t\t\t\t<\/div>\n\t\t\t\t\t<\/div>\n\t\t<\/div>\n\t\t\t\t\t<\/div>\n\t\t<\/section>\n\t\t\t\t<\/div>\n\t\t","protected":false},"excerpt":{"rendered":"<p>ENVIEUX Il faut toujours se m\u00e9fier des apparences. \u00c0 premi\u00e8re vue, Gaby, \u00c9l\u00e9onore et Gontran sont des personnes \u00e2g\u00e9es honorables comme nous en connaissons tous. M\u00e9fez-vous\u00a0! Ces trois-l\u00e0, confortablement install\u00e9s dans leur maison de retraite, ne sont pas aussi gentils et inoffensifs qu\u2019ils en ont l\u2019air. Le d\u00e9mon de l\u2019envie les travaille, surtout lorsque arrive L\u00e9opold, un nouveau et riche pensionnaire. Telles des araign\u00e9es sans piti\u00e9, ils guettent et attrapent leurs victimes dans la toile qu\u2019ils ont tiss\u00e9e avec leur salive et leur m\u00e9chancet\u00e9\u2026 Pi\u00e8ce publi\u00e9e sur les sites Le Proscenium et La Th\u00e9\u00e2troth\u00e8que et mise en sc\u00e8ne par la compagnie Des Pourquoi Pas ! en mai 2008.<\/p>\n","protected":false},"author":1,"featured_media":0,"parent":0,"menu_order":0,"comment_status":"closed","ping_status":"closed","template":"","meta":{"footnotes":""},"class_list":["post-207","page","type-page","status-publish","hentry"],"_links":{"self":[{"href":"https:\/\/sebastienmonod.com\/index.php\/wp-json\/wp\/v2\/pages\/207","targetHints":{"allow":["GET"]}}],"collection":[{"href":"https:\/\/sebastienmonod.com\/index.php\/wp-json\/wp\/v2\/pages"}],"about":[{"href":"https:\/\/sebastienmonod.com\/index.php\/wp-json\/wp\/v2\/types\/page"}],"author":[{"embeddable":true,"href":"https:\/\/sebastienmonod.com\/index.php\/wp-json\/wp\/v2\/users\/1"}],"replies":[{"embeddable":true,"href":"https:\/\/sebastienmonod.com\/index.php\/wp-json\/wp\/v2\/comments?post=207"}],"version-history":[{"count":3,"href":"https:\/\/sebastienmonod.com\/index.php\/wp-json\/wp\/v2\/pages\/207\/revisions"}],"predecessor-version":[{"id":238,"href":"https:\/\/sebastienmonod.com\/index.php\/wp-json\/wp\/v2\/pages\/207\/revisions\/238"}],"wp:attachment":[{"href":"https:\/\/sebastienmonod.com\/index.php\/wp-json\/wp\/v2\/media?parent=207"}],"curies":[{"name":"wp","href":"https:\/\/api.w.org\/{rel}","templated":true}]}}