{"id":306,"date":"2020-02-01T15:20:46","date_gmt":"2020-02-01T14:20:46","guid":{"rendered":"http:\/\/sebastienmonod.com\/index.php\/newsletter\/"},"modified":"2020-02-01T19:26:45","modified_gmt":"2020-02-01T18:26:45","slug":"newsletter","status":"publish","type":"page","link":"https:\/\/sebastienmonod.com\/index.php\/newsletter\/","title":{"rendered":"Newsletter"},"content":{"rendered":"\t\t<div data-elementor-type=\"wp-page\" data-elementor-id=\"306\" class=\"elementor elementor-306\">\n\t\t\t\t\t\t<section class=\"elementor-section elementor-top-section elementor-element elementor-element-75239b23 elementor-section-boxed elementor-section-height-default elementor-section-height-default\" data-id=\"75239b23\" data-element_type=\"section\">\n\t\t\t\t\t\t<div class=\"elementor-container elementor-column-gap-default\">\n\t\t\t\t\t<div class=\"elementor-column elementor-col-100 elementor-top-column elementor-element elementor-element-3bedf5e2\" data-id=\"3bedf5e2\" data-element_type=\"column\">\n\t\t\t<div class=\"elementor-widget-wrap\">\n\t\t\t\t\t\t\t<\/div>\n\t\t<\/div>\n\t\t\t\t\t<\/div>\n\t\t<\/section>\n\t\t\t\t<section class=\"elementor-section elementor-top-section elementor-element elementor-element-2c668bd elementor-section-boxed elementor-section-height-default elementor-section-height-default\" data-id=\"2c668bd\" data-element_type=\"section\">\n\t\t\t\t\t\t<div class=\"elementor-container elementor-column-gap-default\">\n\t\t\t\t\t<div class=\"elementor-column elementor-col-100 elementor-top-column elementor-element elementor-element-f963cc8\" data-id=\"f963cc8\" data-element_type=\"column\">\n\t\t\t<div class=\"elementor-widget-wrap elementor-element-populated\">\n\t\t\t\t\t\t<div class=\"elementor-element elementor-element-52f1825 elementor-widget-divider--view-line elementor-widget elementor-widget-divider\" data-id=\"52f1825\" data-element_type=\"widget\" data-widget_type=\"divider.default\">\n\t\t\t\t<div class=\"elementor-widget-container\">\n\t\t\t\t\t<div class=\"elementor-divider\">\n\t\t\t<span class=\"elementor-divider-separator\">\n\t\t\t\t\t\t<\/span>\n\t\t<\/div>\n\t\t\t\t<\/div>\n\t\t\t\t<\/div>\n\t\t\t\t\t<\/div>\n\t\t<\/div>\n\t\t\t\t\t<\/div>\n\t\t<\/section>\n\t\t\t\t<section class=\"elementor-section elementor-top-section elementor-element elementor-element-a0cfe70 elementor-section-boxed elementor-section-height-default elementor-section-height-default\" data-id=\"a0cfe70\" data-element_type=\"section\">\n\t\t\t\t\t\t<div class=\"elementor-container elementor-column-gap-default\">\n\t\t\t\t\t<div class=\"elementor-column elementor-col-100 elementor-top-column elementor-element elementor-element-13fc127\" data-id=\"13fc127\" data-element_type=\"column\">\n\t\t\t<div class=\"elementor-widget-wrap elementor-element-populated\">\n\t\t\t\t\t\t<div class=\"elementor-element elementor-element-3ce5cd1 elementor-widget elementor-widget-text-editor\" data-id=\"3ce5cd1\" data-element_type=\"widget\" data-widget_type=\"text-editor.default\">\n\t\t\t\t<div class=\"elementor-widget-container\">\n\t\t\t\t\t\t\t<p>Pour ne louper aucune information, notamment sur mes publications ou des \u00e9v\u00e9nements importants, je vous invite \u00e0 vous inscrire \u00e0 ma newsletter (maximum un mail par mois).<\/p>\t\t\t\t\t\t<\/div>\n\t\t\t\t<\/div>\n\t\t\t\t\t<\/div>\n\t\t<\/div>\n\t\t\t\t\t<\/div>\n\t\t<\/section>\n\t\t\t\t<section class=\"elementor-section elementor-top-section elementor-element elementor-element-33dca9c elementor-section-boxed elementor-section-height-default elementor-section-height-default\" data-id=\"33dca9c\" data-element_type=\"section\">\n\t\t\t\t\t\t<div class=\"elementor-container elementor-column-gap-default\">\n\t\t\t\t\t<div class=\"elementor-column elementor-col-100 elementor-top-column elementor-element elementor-element-7343af7\" data-id=\"7343af7\" data-element_type=\"column\">\n\t\t\t<div class=\"elementor-widget-wrap elementor-element-populated\">\n\t\t\t\t\t\t<div class=\"elementor-element elementor-element-30087c9 elementor-widget elementor-widget-text-editor\" data-id=\"30087c9\" data-element_type=\"widget\" data-widget_type=\"text-editor.default\">\n\t\t\t\t<div class=\"elementor-widget-container\">\n\t\t\t\t\t\t\t<div class=\"widget-content\"><div id=\"newsletterwidget-3\" class=\"ashe-widget widget_newsletterwidget amr_widget\"><div class=\"widget-title\"><h2>S&rsquo;abonner \u00e0 la newsletter<\/h2><\/div><div class=\"tnp tnp-widget\"><form method=\"post\" action=\"https:\/\/sebastienmonod.com\/?na=s\" onsubmit=\"return newsletter_check(this)\">\n\n<input type=\"hidden\" name=\"nlang\" value=\"\">\n<input type=\"hidden\" name=\"nr\" value=\"widget\">\n<input type='hidden' name='nl[]' value='0'>\n<div class=\"tnp-field tnp-field-firstname\"><label>Pr\u00e9nom ou nom complet<\/label><input class=\"tnp-firstname\" type=\"text\" name=\"nn\" ><\/div>\n<div class=\"tnp-field tnp-field-email\"><label>Email<\/label><input class=\"tnp-email\" type=\"email\" name=\"ne\" required><\/div>\n<div class=\"tnp-field tnp-field-button\"><input class=\"tnp-submit\" type=\"submit\" value=\"S&#039;abonner\" >\n<\/div>\n<\/form>\n<\/div>\n<\/div><\/div><div class=\"widget-control-actions\">\u00a0<\/div>\t\t\t\t\t\t<\/div>\n\t\t\t\t<\/div>\n\t\t\t\t\t<\/div>\n\t\t<\/div>\n\t\t\t\t\t<\/div>\n\t\t<\/section>\n\t\t\t\t<section class=\"elementor-section elementor-top-section elementor-element elementor-element-de0a26d elementor-section-boxed elementor-section-height-default elementor-section-height-default\" data-id=\"de0a26d\" data-element_type=\"section\">\n\t\t\t\t\t\t<div class=\"elementor-container elementor-column-gap-default\">\n\t\t\t\t\t<div class=\"elementor-column elementor-col-100 elementor-top-column elementor-element elementor-element-a7726c4\" data-id=\"a7726c4\" data-element_type=\"column\">\n\t\t\t<div class=\"elementor-widget-wrap elementor-element-populated\">\n\t\t\t\t\t\t<div class=\"elementor-element elementor-element-0c6c0f1 elementor-widget-divider--view-line elementor-widget elementor-widget-divider\" data-id=\"0c6c0f1\" data-element_type=\"widget\" data-widget_type=\"divider.default\">\n\t\t\t\t<div class=\"elementor-widget-container\">\n\t\t\t\t\t<div class=\"elementor-divider\">\n\t\t\t<span class=\"elementor-divider-separator\">\n\t\t\t\t\t\t<\/span>\n\t\t<\/div>\n\t\t\t\t<\/div>\n\t\t\t\t<\/div>\n\t\t\t\t\t<\/div>\n\t\t<\/div>\n\t\t\t\t\t<\/div>\n\t\t<\/section>\n\t\t\t\t<\/div>\n\t\t","protected":false},"excerpt":{"rendered":"<p>Pour ne louper aucune information, notamment sur mes publications ou des \u00e9v\u00e9nements importants, je vous invite \u00e0 vous inscrire \u00e0 ma newsletter (maximum un mail par mois). \u00a0<\/p>\n","protected":false},"author":1,"featured_media":0,"parent":0,"menu_order":0,"comment_status":"closed","ping_status":"closed","template":"","meta":{"footnotes":""},"class_list":["post-306","page","type-page","status-publish","hentry"],"_links":{"self":[{"href":"https:\/\/sebastienmonod.com\/index.php\/wp-json\/wp\/v2\/pages\/306","targetHints":{"allow":["GET"]}}],"collection":[{"href":"https:\/\/sebastienmonod.com\/index.php\/wp-json\/wp\/v2\/pages"}],"about":[{"href":"https:\/\/sebastienmonod.com\/index.php\/wp-json\/wp\/v2\/types\/page"}],"author":[{"embeddable":true,"href":"https:\/\/sebastienmonod.com\/index.php\/wp-json\/wp\/v2\/users\/1"}],"replies":[{"embeddable":true,"href":"https:\/\/sebastienmonod.com\/index.php\/wp-json\/wp\/v2\/comments?post=306"}],"version-history":[{"count":5,"href":"https:\/\/sebastienmonod.com\/index.php\/wp-json\/wp\/v2\/pages\/306\/revisions"}],"predecessor-version":[{"id":340,"href":"https:\/\/sebastienmonod.com\/index.php\/wp-json\/wp\/v2\/pages\/306\/revisions\/340"}],"wp:attachment":[{"href":"https:\/\/sebastienmonod.com\/index.php\/wp-json\/wp\/v2\/media?parent=306"}],"curies":[{"name":"wp","href":"https:\/\/api.w.org\/{rel}","templated":true}]}}