{"id":42,"date":"2020-01-19T10:57:29","date_gmt":"2020-01-19T09:57:29","guid":{"rendered":"http:\/\/sebastienmonod.com\/?page_id=42"},"modified":"2025-10-10T20:05:44","modified_gmt":"2025-10-10T18:05:44","slug":"cinema","status":"publish","type":"page","link":"https:\/\/sebastienmonod.com\/index.php\/cinema\/","title":{"rendered":"Cin\u00e9ma"},"content":{"rendered":"\t\t<div data-elementor-type=\"wp-page\" data-elementor-id=\"42\" class=\"elementor elementor-42\">\n\t\t\t\t\t\t<section class=\"elementor-section elementor-top-section elementor-element elementor-element-6c482ef2 elementor-section-boxed elementor-section-height-default elementor-section-height-default\" data-id=\"6c482ef2\" data-element_type=\"section\">\n\t\t\t\t\t\t<div class=\"elementor-container elementor-column-gap-default\">\n\t\t\t\t\t<div class=\"elementor-column elementor-col-100 elementor-top-column elementor-element elementor-element-7faddc3e\" data-id=\"7faddc3e\" data-element_type=\"column\">\n\t\t\t<div class=\"elementor-widget-wrap elementor-element-populated\">\n\t\t\t\t\t\t<div class=\"elementor-element elementor-element-6f2d4a0 elementor-widget-divider--view-line elementor-widget elementor-widget-divider\" data-id=\"6f2d4a0\" data-element_type=\"widget\" data-widget_type=\"divider.default\">\n\t\t\t\t<div class=\"elementor-widget-container\">\n\t\t\t\t\t<div class=\"elementor-divider\">\n\t\t\t<span class=\"elementor-divider-separator\">\n\t\t\t\t\t\t<\/span>\n\t\t<\/div>\n\t\t\t\t<\/div>\n\t\t\t\t<\/div>\n\t\t\t\t<div class=\"elementor-element elementor-element-60eaa492 elementor-widget elementor-widget-text-editor\" data-id=\"60eaa492\" data-element_type=\"widget\" data-widget_type=\"text-editor.default\">\n\t\t\t\t<div class=\"elementor-widget-container\">\n\t\t\t\t\t\t\t<!-- wp:heading {\"level\":3} -->\n<h3 style=\"text-align: center;\"><strong>JE SUIS PAS COMME \u00c7A<\/strong><\/h3>\n<!-- \/wp:heading --><!-- wp:paragraph -->\n<h6>\u00a0<\/h6>\n<h6 style=\"text-align: center;\">Court m\u00e9trage r\u00e9alis\u00e9 par Jean-Claude Gu\u00e9zennec<\/h6>\n<h6 style=\"text-align: center;\"><!-- \/wp:paragraph --><!-- wp:paragraph --><\/h6>\n<h6 style=\"text-align: center;\">Sc\u00e9nario de S\u00e9bastien Monod<\/h6>\n<p>\u00a0<\/p>\n<h6 style=\"text-align: center;\"><strong><a href=\"https:\/\/gayviking.fr\/je-suis-pas-comme-ca-un-film-au-coeur-de-lhomophobie-court-metrage\/\" target=\"_blank\" rel=\"noopener\">Le film est visible sur le site Gayviking<\/a><\/strong><\/h6>\n<!-- \/wp:paragraph --><!-- wp:image {\"id\":432,\"sizeSlug\":\"large\"} --><!-- \/wp:image --><!-- wp:core-embed\/wordpress {\"url\":\"https:\/\/gayviking.fr\/je-suis-pas-comme-ca-un-film-au-coeur-de-lhomophobie-court-metrage\/\",\"type\":\"wp-embed\",\"providerNameSlug\":\"gayviking\",\"className\":\"\"} -->\n<figure class=\"wp-block-embed-wordpress wp-block-embed is-type-wp-embed is-provider-gayviking\">\n<div class=\"wp-block-embed__wrapper\">\u00a0<\/div>\n<\/figure>\n<!-- \/wp:core-embed\/wordpress -->\t\t\t\t\t\t<\/div>\n\t\t\t\t<\/div>\n\t\t\t\t<div class=\"elementor-element elementor-element-745f2d6 elementor-widget elementor-widget-image\" data-id=\"745f2d6\" data-element_type=\"widget\" data-widget_type=\"image.default\">\n\t\t\t\t<div class=\"elementor-widget-container\">\n\t\t\t\t\t\t\t\t\t\t\t\t\t<img fetchpriority=\"high\" decoding=\"async\" width=\"922\" height=\"1024\" src=\"https:\/\/sebastienmonod.com\/wp-content\/uploads\/2021\/02\/Affiche-Je-suis-pas-comme-\u00e7a-922x1024.jpg\" class=\"attachment-large size-large wp-image-432\" alt=\"Affiche &quot;Je suis pas comme \u00e7a&quot;\" srcset=\"https:\/\/sebastienmonod.com\/wp-content\/uploads\/2021\/02\/Affiche-Je-suis-pas-comme-\u00e7a-922x1024.jpg 922w, https:\/\/sebastienmonod.com\/wp-content\/uploads\/2021\/02\/Affiche-Je-suis-pas-comme-\u00e7a-270x300.jpg 270w, https:\/\/sebastienmonod.com\/wp-content\/uploads\/2021\/02\/Affiche-Je-suis-pas-comme-\u00e7a-768x853.jpg 768w, https:\/\/sebastienmonod.com\/wp-content\/uploads\/2021\/02\/Affiche-Je-suis-pas-comme-\u00e7a-600x667.jpg 600w, https:\/\/sebastienmonod.com\/wp-content\/uploads\/2021\/02\/Affiche-Je-suis-pas-comme-\u00e7a.jpg 1080w\" sizes=\"(max-width: 922px) 100vw, 922px\" \/>\t\t\t\t\t\t\t\t\t\t\t\t\t<\/div>\n\t\t\t\t<\/div>\n\t\t\t\t<div class=\"elementor-element elementor-element-8feb009 elementor-widget elementor-widget-text-editor\" data-id=\"8feb009\" data-element_type=\"widget\" data-widget_type=\"text-editor.default\">\n\t\t\t\t<div class=\"elementor-widget-container\">\n\t\t\t\t\t\t\t<!-- wp:heading {\"level\":3} -->\n<h6 style=\"text-align: center;\"><span style=\"color: #000000;\"><strong>et sur YouTube<\/strong><\/span><\/h6>\n<!-- \/wp:core-embed\/wordpress -->\t\t\t\t\t\t<\/div>\n\t\t\t\t<\/div>\n\t\t\t\t\t<\/div>\n\t\t<\/div>\n\t\t\t\t\t<\/div>\n\t\t<\/section>\n\t\t\t\t<section class=\"elementor-section elementor-top-section elementor-element elementor-element-89428cf elementor-section-boxed elementor-section-height-default elementor-section-height-default\" data-id=\"89428cf\" data-element_type=\"section\">\n\t\t\t\t\t\t<div class=\"elementor-container elementor-column-gap-default\">\n\t\t\t\t\t<div class=\"elementor-column elementor-col-100 elementor-top-column elementor-element elementor-element-2a1cea0\" data-id=\"2a1cea0\" data-element_type=\"column\">\n\t\t\t<div class=\"elementor-widget-wrap\">\n\t\t\t\t\t\t\t<\/div>\n\t\t<\/div>\n\t\t\t\t\t<\/div>\n\t\t<\/section>\n\t\t\t\t<section class=\"elementor-section elementor-top-section elementor-element elementor-element-91d6834 elementor-section-boxed elementor-section-height-default elementor-section-height-default\" data-id=\"91d6834\" data-element_type=\"section\">\n\t\t\t\t\t\t<div class=\"elementor-container elementor-column-gap-default\">\n\t\t\t\t\t<div class=\"elementor-column elementor-col-100 elementor-top-column elementor-element elementor-element-2b2854c\" data-id=\"2b2854c\" data-element_type=\"column\">\n\t\t\t<div class=\"elementor-widget-wrap elementor-element-populated\">\n\t\t\t\t\t\t<div class=\"elementor-element elementor-element-3d4b3d5 elementor-widget elementor-widget-video\" data-id=\"3d4b3d5\" data-element_type=\"widget\" data-settings=\"{&quot;youtube_url&quot;:&quot;https:\\\/\\\/youtu.be\\\/cQ0HwZaspjc?si=Ku_4lfdEcyYUenel&quot;,&quot;video_type&quot;:&quot;youtube&quot;,&quot;controls&quot;:&quot;yes&quot;}\" data-widget_type=\"video.default\">\n\t\t\t\t<div class=\"elementor-widget-container\">\n\t\t\t\t\t<div class=\"elementor-wrapper elementor-open-inline\">\n\t\t\t<div class=\"elementor-video\"><\/div>\t\t<\/div>\n\t\t\t\t<\/div>\n\t\t\t\t<\/div>\n\t\t\t\t\t<\/div>\n\t\t<\/div>\n\t\t\t\t\t<\/div>\n\t\t<\/section>\n\t\t\t\t<section class=\"elementor-section elementor-top-section elementor-element elementor-element-7b133dc elementor-section-boxed elementor-section-height-default elementor-section-height-default\" data-id=\"7b133dc\" data-element_type=\"section\">\n\t\t\t\t\t\t<div class=\"elementor-container elementor-column-gap-default\">\n\t\t\t\t\t<div class=\"elementor-column elementor-col-100 elementor-top-column elementor-element elementor-element-9e7c35a\" data-id=\"9e7c35a\" data-element_type=\"column\">\n\t\t\t<div class=\"elementor-widget-wrap elementor-element-populated\">\n\t\t\t\t\t\t<div class=\"elementor-element elementor-element-f91c753 elementor-widget elementor-widget-spacer\" data-id=\"f91c753\" data-element_type=\"widget\" data-widget_type=\"spacer.default\">\n\t\t\t\t<div class=\"elementor-widget-container\">\n\t\t\t\t\t<div class=\"elementor-spacer\">\n\t\t\t<div class=\"elementor-spacer-inner\"><\/div>\n\t\t<\/div>\n\t\t\t\t<\/div>\n\t\t\t\t<\/div>\n\t\t\t\t\t<\/div>\n\t\t<\/div>\n\t\t\t\t\t<\/div>\n\t\t<\/section>\n\t\t\t\t<\/div>\n\t\t","protected":false},"excerpt":{"rendered":"<p>JE SUIS PAS COMME \u00c7A \u00a0 Court m\u00e9trage r\u00e9alis\u00e9 par Jean-Claude Gu\u00e9zennec Sc\u00e9nario de S\u00e9bastien Monod \u00a0 Le film est visible sur le site Gayviking et sur YouTube<\/p>\n","protected":false},"author":1,"featured_media":0,"parent":0,"menu_order":0,"comment_status":"closed","ping_status":"closed","template":"","meta":{"footnotes":""},"class_list":["post-42","page","type-page","status-publish","hentry"],"_links":{"self":[{"href":"https:\/\/sebastienmonod.com\/index.php\/wp-json\/wp\/v2\/pages\/42","targetHints":{"allow":["GET"]}}],"collection":[{"href":"https:\/\/sebastienmonod.com\/index.php\/wp-json\/wp\/v2\/pages"}],"about":[{"href":"https:\/\/sebastienmonod.com\/index.php\/wp-json\/wp\/v2\/types\/page"}],"author":[{"embeddable":true,"href":"https:\/\/sebastienmonod.com\/index.php\/wp-json\/wp\/v2\/users\/1"}],"replies":[{"embeddable":true,"href":"https:\/\/sebastienmonod.com\/index.php\/wp-json\/wp\/v2\/comments?post=42"}],"version-history":[{"count":9,"href":"https:\/\/sebastienmonod.com\/index.php\/wp-json\/wp\/v2\/pages\/42\/revisions"}],"predecessor-version":[{"id":732,"href":"https:\/\/sebastienmonod.com\/index.php\/wp-json\/wp\/v2\/pages\/42\/revisions\/732"}],"wp:attachment":[{"href":"https:\/\/sebastienmonod.com\/index.php\/wp-json\/wp\/v2\/media?parent=42"}],"curies":[{"name":"wp","href":"https:\/\/api.w.org\/{rel}","templated":true}]}}