{"id":158,"date":"2020-01-29T22:15:03","date_gmt":"2020-01-29T21:15:03","guid":{"rendered":"http:\/\/sebastienmonod.com\/?post_type=product&#038;p=158"},"modified":"2024-09-20T13:01:49","modified_gmt":"2024-09-20T11:01:49","slug":"lamer-veille","status":"publish","type":"product","link":"https:\/\/sebastienmonod.com\/index.php\/produit\/lamer-veille\/","title":{"rendered":"L&rsquo;amer veille"},"content":{"rendered":"<p>Ouessant, 1944. \u00ab Le sauvage \u00bb, c\u2019est ainsi qu\u2019on surnomme Adrien sur l\u2019\u00eele. Il faut avouer que son comportement a tendance \u00e0 intriguer : quand il ne travaille pas tout en haut de son phare, c\u2019est dans un mutisme inqui\u00e9tant qu\u2019il se r\u00e9fugie. Seul l\u2019un de ses coll\u00e8gues, le jeune Ma\u00ebl, parvient \u00e0 l\u2019approcher.<\/p>\n<p>Alice l\u2019a connu \u00e0 Paris, quelques ann\u00e9es plus t\u00f4t, dans les ann\u00e9es folles. Il \u00e9tait jeune, beau, et sa gloire en tant que com\u00e9dien semblait acquise. Mais il a subitement disparu alors que la jeune femme s\u2019appr\u00eatait \u00e0 lui d\u00e9voiler ses sentiments. Quand elle retrouve enfin sa trace, il est devenu gardien de phare. Elle d\u00e9cide de lui \u00e9crire son amour. H\u00e9las, la guerre \u00e9clate\u2026<\/p>\n<p><em>C\u2019est avec minutie que S\u00e9bastien Monod d\u00e9peint la constance des sentiments. Ce n\u2019est pas un roman-fleuve qu\u2019il a \u00e9crit \u00e0 l\u2019ombre du Cr\u00e9ac\u2019h, le g\u00e9ant ouessantin, lors d\u2019une r\u00e9sidence d\u2019\u00e9criture de trois mois, mais une \u0153uvre-phare. Lumineuse et n\u00e9anmoins parsem\u00e9e de zones d\u2019ombre !<\/em><\/p>\n<p>\u00c9ditions des Deux Anges<\/p>\n<p>2016<\/p>\n<p>ISBN 978-1-53542-469-1<\/p>\n","protected":false},"excerpt":{"rendered":"<p>Ouessant, 1944. \u00ab Le sauvage \u00bb, c\u2019est ainsi qu\u2019on surnomme Adrien sur l\u2019\u00eele. Il faut avouer que son comportement a tendance \u00e0 intriguer : quand il ne travaille pas tout en haut de son phare, c\u2019est dans un mutisme inqui\u00e9tant qu\u2019il se r\u00e9fugie. Seul l\u2019un de ses coll\u00e8gues, le jeune Ma\u00ebl, parvient \u00e0 l\u2019approcher. Alice l\u2019a connu \u00e0 Paris, quelques ann\u00e9es plus t\u00f4t, dans les ann\u00e9es folles. Il \u00e9tait jeune, beau, et sa gloire en tant que com\u00e9dien semblait acquise. Mais il a subitement disparu alors que la jeune femme s\u2019appr\u00eatait \u00e0 lui d\u00e9voiler ses sentiments. Quand elle retrouve enfin sa trace, il est devenu gardien de phare. Elle d\u00e9cide de lui \u00e9crire son amour. H\u00e9las, la guerre \u00e9clate\u2026 C\u2019est avec minutie que S\u00e9bastien Monod d\u00e9peint la constance des sentiments. Ce n\u2019est pas un roman-fleuve qu\u2019il a \u00e9crit \u00e0 l\u2019ombre du Cr\u00e9ac\u2019h, le g\u00e9ant ouessantin, lors d\u2019une r\u00e9sidence d\u2019\u00e9criture de trois mois, mais une \u0153uvre-phare. Lumineuse et n\u00e9anmoins parsem\u00e9e de zones d\u2019ombre ! \u00c9ditions des Deux Anges 2016 ISBN 978-1-53542-469-1<\/p>\n","protected":false},"featured_media":159,"comment_status":"open","ping_status":"closed","template":"","meta":[],"class_list":["post-158","product","type-product","status-publish","has-post-thumbnail","hentry","product_cat-ebook","product_cat-livres"],"_links":{"self":[{"href":"https:\/\/sebastienmonod.com\/index.php\/wp-json\/wp\/v2\/product\/158","targetHints":{"allow":["GET"]}}],"collection":[{"href":"https:\/\/sebastienmonod.com\/index.php\/wp-json\/wp\/v2\/product"}],"about":[{"href":"https:\/\/sebastienmonod.com\/index.php\/wp-json\/wp\/v2\/types\/product"}],"replies":[{"embeddable":true,"href":"https:\/\/sebastienmonod.com\/index.php\/wp-json\/wp\/v2\/comments?post=158"}],"wp:featuredmedia":[{"embeddable":true,"href":"https:\/\/sebastienmonod.com\/index.php\/wp-json\/wp\/v2\/media\/159"}],"wp:attachment":[{"href":"https:\/\/sebastienmonod.com\/index.php\/wp-json\/wp\/v2\/media?parent=158"}],"curies":[{"name":"wp","href":"https:\/\/api.w.org\/{rel}","templated":true}]}}