{"id":160,"date":"2020-01-29T22:15:58","date_gmt":"2020-01-29T21:15:58","guid":{"rendered":"http:\/\/sebastienmonod.com\/?post_type=product&#038;p=160"},"modified":"2024-11-10T16:30:20","modified_gmt":"2024-11-10T15:30:20","slug":"sitcom-lintegrale","status":"publish","type":"product","link":"https:\/\/sebastienmonod.com\/index.php\/produit\/sitcom-lintegrale\/","title":{"rendered":"Sitcom &#8211; L&rsquo;int\u00e9grale"},"content":{"rendered":"<p><em>Sitcom<\/em> ou comment les petits al\u00e9as du quotidien se transforment en grandes aventures ! Si Julia, la jolie brune, collectionne les gaffes, du c\u00f4t\u00e9 de la blonde et sexy Betty, c\u2019est plut\u00f4t les hommes\u2026 en attendant le prince charmant. C\u2019est aussi ce qu\u2019esp\u00e8re Ga\u00ebl, le beau blond qui n\u2019a pas son pareil pour se retrouver dans les situations les plus farfelues. Maxime, le brun un peu hors du temps, est horloger, et son existence est rythm\u00e9e par des rencontres aussi inattendues qu\u2019\u00e9tranges. L\u2019une d\u2019elles se pr\u00e9nomme Isidore, et elle va bouleverser le cours de la vie de nos quatre trentenaires.<\/p>\n<p>Sitcom : L\u2019int\u00e9grale<em> r\u00e9unit les deux premiers romans de la minis\u00e9rie \u00e0 succ\u00e8s de S\u00e9bastien Monod et offre non seulement une suite aux aventures de Julia, Maxime, Betty et Ga\u00ebl, mais aussi quelques bonus (anecdotes, photos, avis de lecteurs et revue de presse).<\/em><\/p>\n<p>\u00c9ditions des Deux Anges<\/p>\n<p>2017<\/p>\n<p>ISBN 978-2-9560362-0-3<\/p>\n","protected":false},"excerpt":{"rendered":"<p>Sitcom ou comment les petits al\u00e9as du quotidien se transforment en grandes aventures ! Si Julia, la jolie brune, collectionne les gaffes, du c\u00f4t\u00e9 de la blonde et sexy Betty, c\u2019est plut\u00f4t les hommes\u2026 en attendant le prince charmant. C\u2019est aussi ce qu\u2019esp\u00e8re Ga\u00ebl, le beau blond qui n\u2019a pas son pareil pour se retrouver dans les situations les plus farfelues. Maxime, le brun un peu hors du temps, est horloger, et son existence est rythm\u00e9e par des rencontres aussi inattendues qu\u2019\u00e9tranges. L\u2019une d\u2019elles se pr\u00e9nomme Isidore, et elle va bouleverser le cours de la vie de nos quatre trentenaires. Sitcom : L\u2019int\u00e9grale r\u00e9unit les deux premiers romans de la minis\u00e9rie \u00e0 succ\u00e8s de S\u00e9bastien Monod et offre non seulement une suite aux aventures de Julia, Maxime, Betty et Ga\u00ebl, mais aussi quelques bonus (anecdotes, photos, avis de lecteurs et revue de presse). \u00c9ditions des Deux Anges 2017 ISBN 978-2-9560362-0-3<\/p>\n","protected":false},"featured_media":161,"comment_status":"open","ping_status":"closed","template":"","meta":[],"class_list":["post-160","product","type-product","status-publish","has-post-thumbnail","hentry","product_cat-ebook","product_cat-livres"],"_links":{"self":[{"href":"https:\/\/sebastienmonod.com\/index.php\/wp-json\/wp\/v2\/product\/160","targetHints":{"allow":["GET"]}}],"collection":[{"href":"https:\/\/sebastienmonod.com\/index.php\/wp-json\/wp\/v2\/product"}],"about":[{"href":"https:\/\/sebastienmonod.com\/index.php\/wp-json\/wp\/v2\/types\/product"}],"replies":[{"embeddable":true,"href":"https:\/\/sebastienmonod.com\/index.php\/wp-json\/wp\/v2\/comments?post=160"}],"wp:featuredmedia":[{"embeddable":true,"href":"https:\/\/sebastienmonod.com\/index.php\/wp-json\/wp\/v2\/media\/161"}],"wp:attachment":[{"href":"https:\/\/sebastienmonod.com\/index.php\/wp-json\/wp\/v2\/media?parent=160"}],"curies":[{"name":"wp","href":"https:\/\/api.w.org\/{rel}","templated":true}]}}