{"id":241,"date":"2020-01-31T09:57:47","date_gmt":"2020-01-31T08:57:47","guid":{"rendered":"http:\/\/sebastienmonod.com\/?post_type=product&#038;p=241"},"modified":"2025-09-16T13:02:54","modified_gmt":"2025-09-16T11:02:54","slug":"nuit-mauve","status":"publish","type":"product","link":"https:\/\/sebastienmonod.com\/index.php\/produit\/nuit-mauve\/","title":{"rendered":"Nuit mauve"},"content":{"rendered":"<p>Un polar original, des personnages tout droit sortis d\u2019un film de Blake Edwards, et un suspense digne d\u2019Agatha Christie.<\/p>\n<p>\u00c9tretat. Un ch\u00e2teau tout en haut d\u2019une falaise.<\/p>\n<p>Un printemps caniculaire.<\/p>\n<p>Un mort.<\/p>\n<p>Dix suspects.<\/p>\n<p>Pour comprendre ce qu\u2019il s\u2019est pass\u00e9, le commissaire Louis Celzer assist\u00e9 de l\u2019inspecteur Cyrille Dulac va devoir se montrer rus\u00e9. Si toutes les personnes pr\u00e9sentes n\u2019ont pas le profil d\u2019un assassin, elles ne sont pas, \u00e0 ses yeux, aussi inoffensives qu\u2019elles veulent le laisser para\u00eetre. Ce qui est certain, c\u2019est qu\u2019elles ont toutes un grain de folie !<\/p>\n<p>Couple plus proche de Laurel et Hardy que de Sherlock Holmes et du docteur Watson, Celzer et Dulac vont avoir du fil \u00e0 retordre au milieu des r\u00e9sidents de ce curieux ch\u00e2teau\u2026<\/p>\n<p><em>Parall\u00e8lement \u00e0 son parcours dans la communication, S\u00e9bastien Monod publie des romans et des nouvelles. Suite \u00e0 une r\u00e9sidence d\u2019\u00e9criture sur l\u2019\u00eele d\u2019Ouessant, il a sorti <\/em>L\u2019amer veille<em>, fin ao\u00fbt 2016. En 2017, c\u2019est sa mini-s\u00e9rie \u00e0 succ\u00e8s, <\/em>Sitcom<em>, qui a \u00e9t\u00e9 r\u00e9\u00e9dit\u00e9e en \u00e9dition int\u00e9grale. S\u00e9bastien Monod vient de publier un essai consacr\u00e9 \u00e0 l\u2019acteur am\u00e9ricain Montgomery Clift.<\/em><\/p>\n<p>\u00c9ditions Cogito Ergo Sum<\/p>\n<p>2018<\/p>\n<p>ISBN 979-1-0916575-1-8<\/p>\n","protected":false},"excerpt":{"rendered":"<p>Un polar original, des personnages tout droit sortis d\u2019un film de Blake Edwards, et un suspense digne d\u2019Agatha Christie. \u00c9tretat. Un ch\u00e2teau tout en haut d\u2019une falaise. Un printemps caniculaire. Un mort. Dix suspects. Pour comprendre ce qu\u2019il s\u2019est pass\u00e9, le commissaire Louis Celzer assist\u00e9 de l\u2019inspecteur Cyrille Dulac va devoir se montrer rus\u00e9. Si toutes les personnes pr\u00e9sentes n\u2019ont pas le profil d\u2019un assassin, elles ne sont pas, \u00e0 ses yeux, aussi inoffensives qu\u2019elles veulent le laisser para\u00eetre. Ce qui est certain, c\u2019est qu\u2019elles ont toutes un grain de folie ! Couple plus proche de Laurel et Hardy que de Sherlock Holmes et du docteur Watson, Celzer et Dulac vont avoir du fil \u00e0 retordre au milieu des r\u00e9sidents de ce curieux ch\u00e2teau\u2026 Parall\u00e8lement \u00e0 son parcours dans la communication, S\u00e9bastien Monod publie des romans et des nouvelles. Suite \u00e0 une r\u00e9sidence d\u2019\u00e9criture sur l\u2019\u00eele d\u2019Ouessant, il a sorti L\u2019amer veille, fin ao\u00fbt 2016. En 2017, c\u2019est sa mini-s\u00e9rie \u00e0 succ\u00e8s, Sitcom, qui a \u00e9t\u00e9 r\u00e9\u00e9dit\u00e9e en \u00e9dition int\u00e9grale. S\u00e9bastien Monod vient de publier un essai consacr\u00e9 \u00e0 l\u2019acteur am\u00e9ricain Montgomery Clift. \u00c9ditions Cogito Ergo Sum 2018 ISBN 979-1-0916575-1-8<\/p>\n","protected":false},"featured_media":250,"comment_status":"open","ping_status":"closed","template":"","meta":[],"class_list":["post-241","product","type-product","status-publish","has-post-thumbnail","hentry","product_cat-livres","product_cat-format-papier"],"_links":{"self":[{"href":"https:\/\/sebastienmonod.com\/index.php\/wp-json\/wp\/v2\/product\/241","targetHints":{"allow":["GET"]}}],"collection":[{"href":"https:\/\/sebastienmonod.com\/index.php\/wp-json\/wp\/v2\/product"}],"about":[{"href":"https:\/\/sebastienmonod.com\/index.php\/wp-json\/wp\/v2\/types\/product"}],"replies":[{"embeddable":true,"href":"https:\/\/sebastienmonod.com\/index.php\/wp-json\/wp\/v2\/comments?post=241"}],"wp:featuredmedia":[{"embeddable":true,"href":"https:\/\/sebastienmonod.com\/index.php\/wp-json\/wp\/v2\/media\/250"}],"wp:attachment":[{"href":"https:\/\/sebastienmonod.com\/index.php\/wp-json\/wp\/v2\/media?parent=241"}],"curies":[{"name":"wp","href":"https:\/\/api.w.org\/{rel}","templated":true}]}}