{"id":253,"date":"2020-01-31T10:01:50","date_gmt":"2020-01-31T09:01:50","guid":{"rendered":"http:\/\/sebastienmonod.com\/?post_type=product&#038;p=253"},"modified":"2024-11-11T08:02:45","modified_gmt":"2024-11-11T07:02:45","slug":"jetais-vivant-et-je-ne-le-savais-pas","status":"publish","type":"product","link":"https:\/\/sebastienmonod.com\/index.php\/produit\/jetais-vivant-et-je-ne-le-savais-pas\/","title":{"rendered":"J&rsquo;\u00e9tais vivant et je ne le savais pas"},"content":{"rendered":"<p>La vie sentimentale de Cl\u00e9ment est calme depuis son divorce avec Laurence. Il soigne sa musculature dans une salle de sport et lit le reste de son temps libre. Cette vie ordinaire lui convient.<\/p>\n<p>Il croise un jour un jeune sans-abri dont le regard va le hanter. Le regard, mais aussi la culpabilit\u00e9 : il aurait pu lui donner un euro ou lui acheter un sandwich, pourquoi ne l\u2019a-t-il pas fait ? Il part \u00e0 sa recherche afin de r\u00e9parer son erreur.<\/p>\n<p><em>S\u00e9bastien Monod aborde ici diff\u00e9rents sujets de soci\u00e9t\u00e9, comme la souffrance au travail, la pauvret\u00e9 ou la difficult\u00e9 d\u2019\u00eatre gay encore \u00e0 notre \u00e9poque. Il parle aussi des r\u00eaves, ceux qui sont enterr\u00e9s et ceux qu\u2019on met tout en \u0153uvre pour r\u00e9aliser. Cette poignante histoire d\u2019amour est-elle raisonnable, possible ?&#8230;<\/em><\/p>\n<p>\u00c9ditions TG<\/p>\n<p>2015<\/p>\n<p>ISBN 979-1-02940-065-0<\/p>\n","protected":false},"excerpt":{"rendered":"<p>La vie sentimentale de Cl\u00e9ment est calme depuis son divorce avec Laurence. Il soigne sa musculature dans une salle de sport et lit le reste de son temps libre. Cette vie ordinaire lui convient. Il croise un jour un jeune sans-abri dont le regard va le hanter. Le regard, mais aussi la culpabilit\u00e9 : il aurait pu lui donner un euro ou lui acheter un sandwich, pourquoi ne l\u2019a-t-il pas fait ? Il part \u00e0 sa recherche afin de r\u00e9parer son erreur. S\u00e9bastien Monod aborde ici diff\u00e9rents sujets de soci\u00e9t\u00e9, comme la souffrance au travail, la pauvret\u00e9 ou la difficult\u00e9 d\u2019\u00eatre gay encore \u00e0 notre \u00e9poque. Il parle aussi des r\u00eaves, ceux qui sont enterr\u00e9s et ceux qu\u2019on met tout en \u0153uvre pour r\u00e9aliser. Cette poignante histoire d\u2019amour est-elle raisonnable, possible ?&#8230; \u00c9ditions TG 2015 ISBN 979-1-02940-065-0<\/p>\n","protected":false},"featured_media":247,"comment_status":"open","ping_status":"closed","template":"","meta":[],"class_list":["post-253","product","type-product","status-publish","has-post-thumbnail","hentry","product_cat-livres","product_cat-format-papier"],"_links":{"self":[{"href":"https:\/\/sebastienmonod.com\/index.php\/wp-json\/wp\/v2\/product\/253","targetHints":{"allow":["GET"]}}],"collection":[{"href":"https:\/\/sebastienmonod.com\/index.php\/wp-json\/wp\/v2\/product"}],"about":[{"href":"https:\/\/sebastienmonod.com\/index.php\/wp-json\/wp\/v2\/types\/product"}],"replies":[{"embeddable":true,"href":"https:\/\/sebastienmonod.com\/index.php\/wp-json\/wp\/v2\/comments?post=253"}],"wp:featuredmedia":[{"embeddable":true,"href":"https:\/\/sebastienmonod.com\/index.php\/wp-json\/wp\/v2\/media\/247"}],"wp:attachment":[{"href":"https:\/\/sebastienmonod.com\/index.php\/wp-json\/wp\/v2\/media?parent=253"}],"curies":[{"name":"wp","href":"https:\/\/api.w.org\/{rel}","templated":true}]}}