{"id":254,"date":"2020-01-31T10:02:55","date_gmt":"2020-01-31T09:02:55","guid":{"rendered":"http:\/\/sebastienmonod.com\/?post_type=product&#038;p=254"},"modified":"2024-06-11T09:40:29","modified_gmt":"2024-06-11T07:40:29","slug":"la-mere-et-les-jours","status":"publish","type":"product","link":"https:\/\/sebastienmonod.com\/index.php\/produit\/la-mere-et-les-jours\/","title":{"rendered":"La m\u00e8re et les jours"},"content":{"rendered":"<p>Sept personnes re\u00e7oivent des messages \u00e9nigmatiques les enjoignant \u00e0 se rendre dans un lieu o\u00f9 va planer l\u2019ombre d\u2019un myst\u00e9rieux fant\u00f4me.<\/p>\n<p>Sept personnes hautes en couleur dont on suit le road-train trip jusqu\u2019au site de rencontre et leurs retrouvailles car ils sont tous membres d\u2019une famille d\u00e9sunie.<\/p>\n<p>S\u00e9bastien Monod nous raconte avec un humour parfois f\u00e9roce une histoire o\u00f9 r\u00e8gnent les univers d\u2019Armistead Maupin et d\u2019Agatha Christie.<\/p>\n<p>Laissez-vous mener en bateau jusqu\u2019\u00e0 l\u2019\u00cele de Sein, vous ne le regretterez pas.<\/p>\n<p>\u00c9ditions TG<\/p>\n<p>2014<\/p>\n<p>ISBN 978-2-36307-951-0<\/p>\n","protected":false},"excerpt":{"rendered":"<p>\u00c9ditions TG, 2014 (ISBN 978-2-36307-951-0)<\/p>\n","protected":false},"featured_media":245,"comment_status":"open","ping_status":"closed","template":"","meta":[],"class_list":["post-254","product","type-product","status-publish","has-post-thumbnail","hentry","product_cat-livres","product_cat-format-papier"],"_links":{"self":[{"href":"https:\/\/sebastienmonod.com\/index.php\/wp-json\/wp\/v2\/product\/254","targetHints":{"allow":["GET"]}}],"collection":[{"href":"https:\/\/sebastienmonod.com\/index.php\/wp-json\/wp\/v2\/product"}],"about":[{"href":"https:\/\/sebastienmonod.com\/index.php\/wp-json\/wp\/v2\/types\/product"}],"replies":[{"embeddable":true,"href":"https:\/\/sebastienmonod.com\/index.php\/wp-json\/wp\/v2\/comments?post=254"}],"wp:featuredmedia":[{"embeddable":true,"href":"https:\/\/sebastienmonod.com\/index.php\/wp-json\/wp\/v2\/media\/245"}],"wp:attachment":[{"href":"https:\/\/sebastienmonod.com\/index.php\/wp-json\/wp\/v2\/media?parent=254"}],"curies":[{"name":"wp","href":"https:\/\/api.w.org\/{rel}","templated":true}]}}