{"id":368,"date":"2020-02-02T20:04:43","date_gmt":"2020-02-02T19:04:43","guid":{"rendered":"http:\/\/sebastienmonod.com\/?post_type=product&#038;p=368"},"modified":"2024-09-22T12:36:45","modified_gmt":"2024-09-22T10:36:45","slug":"de-chair-et-de-cendres-2","status":"publish","type":"product","link":"https:\/\/sebastienmonod.com\/index.php\/produit\/de-chair-et-de-cendres-2\/","title":{"rendered":"De chair et de cendres"},"content":{"rendered":"<p>Cet ouvrage est compos\u00e9 de six textes \u00e0 th\u00e9matique gay \u00e9crits entre 2013 et 2018. Les trois premiers (<em>De chair et de cendres<\/em>, <em>Des hommes et des b\u00eates<\/em> et <em>Dans l\u2019ar\u00e8ne des rois<\/em>), sous leur air de contes, \u00e9voquent des sujets bien contemporains, comme les premi\u00e8res fois, mais aussi les d\u00e9boires amoureux. Deux de ces textes abordent la mise \u00e0 l\u2019index et l\u2019exclusion des jeunes homosexuels. Mais, comme toujours dans les contes, les histoires se terminent bien.<\/p>\n<p>Les deux nouvelles suivantes (<em>La Marque rose<\/em> et <em>\u00c9tincelles<\/em>) sont davantage ancr\u00e9es dans notre \u00e9poque, elles pointent les mauvais c\u00f4t\u00e9s de l\u2019humanit\u00e9. Fort heureusement, il y a les bons c\u00f4t\u00e9s pour compenser !<\/p>\n<p><em>La Splendeur ou l&rsquo;Effroi<\/em>, la nouvelle qui cl\u00f4t ce livre, nous plonge dans le far-west am\u00e9ricain du XIXe si\u00e8cle. Une autre \u00e9poque, un contexte tr\u00e8s diff\u00e9rent, mais il ne faut pas oublier que les sentiments ont toujours eu une longueur d\u2019avance sur les mentalit\u00e9s !<\/p>\n<p>Toutes ces nouvelles ont \u00e9t\u00e9 publi\u00e9es au sein de diff\u00e9rents recueils dont le but \u00e9tait de lutter contre l&rsquo;homophobie et en particulier contre l&rsquo;isolement des jeunes homos ou trans rejet\u00e9s en raison de leur identit\u00e9. Elles sont ici pour la premi\u00e8re fois rassembl\u00e9es.<\/p>\n<p>\u00c9ditions des Deux Anges<\/p>\n<p>2018<\/p>\n<p>ISBN 978-2-9560362-3-4<\/p>\n","protected":false},"excerpt":{"rendered":"<p>Cet ouvrage est compos\u00e9 de six textes \u00e0 th\u00e9matique gay \u00e9crits entre 2013 et 2018. Les trois premiers (De chair et de cendres, Des hommes et des b\u00eates et Dans l\u2019ar\u00e8ne des rois), sous leur air de contes, \u00e9voquent des sujets bien contemporains, comme les premi\u00e8res fois, mais aussi les d\u00e9boires amoureux. Deux de ces textes abordent la mise \u00e0 l\u2019index et l\u2019exclusion des jeunes homosexuels. Mais, comme toujours dans les contes, les histoires se terminent bien. Les deux nouvelles suivantes (La Marque rose et \u00c9tincelles) sont davantage ancr\u00e9es dans notre \u00e9poque, elles pointent les mauvais c\u00f4t\u00e9s de l\u2019humanit\u00e9. Fort heureusement, il y a les bons c\u00f4t\u00e9s pour compenser ! La Splendeur ou l&rsquo;Effroi, la nouvelle qui cl\u00f4t ce livre, nous plonge dans le far-west am\u00e9ricain du XIXe si\u00e8cle. Une autre \u00e9poque, un contexte tr\u00e8s diff\u00e9rent, mais il ne faut pas oublier que les sentiments ont toujours eu une longueur d\u2019avance sur les mentalit\u00e9s ! Toutes ces nouvelles ont \u00e9t\u00e9 publi\u00e9es au sein de diff\u00e9rents recueils dont le but \u00e9tait de lutter contre l&rsquo;homophobie et en particulier contre l&rsquo;isolement des jeunes homos ou trans rejet\u00e9s en raison de leur identit\u00e9. Elles sont ici pour la premi\u00e8re fois rassembl\u00e9es. \u00c9ditions des Deux Anges 2018 ISBN 978-2-9560362-3-4<\/p>\n","protected":false},"featured_media":366,"comment_status":"open","ping_status":"closed","template":"","meta":[],"class_list":["post-368","product","type-product","status-publish","has-post-thumbnail","hentry","product_cat-livres","product_cat-format-papier"],"_links":{"self":[{"href":"https:\/\/sebastienmonod.com\/index.php\/wp-json\/wp\/v2\/product\/368","targetHints":{"allow":["GET"]}}],"collection":[{"href":"https:\/\/sebastienmonod.com\/index.php\/wp-json\/wp\/v2\/product"}],"about":[{"href":"https:\/\/sebastienmonod.com\/index.php\/wp-json\/wp\/v2\/types\/product"}],"replies":[{"embeddable":true,"href":"https:\/\/sebastienmonod.com\/index.php\/wp-json\/wp\/v2\/comments?post=368"}],"wp:featuredmedia":[{"embeddable":true,"href":"https:\/\/sebastienmonod.com\/index.php\/wp-json\/wp\/v2\/media\/366"}],"wp:attachment":[{"href":"https:\/\/sebastienmonod.com\/index.php\/wp-json\/wp\/v2\/media?parent=368"}],"curies":[{"name":"wp","href":"https:\/\/api.w.org\/{rel}","templated":true}]}}